{"id":4071,"date":"2024-08-05T17:59:17","date_gmt":"2024-08-05T15:59:17","guid":{"rendered":"http:\/\/lelegendaire.fr\/?page_id=4071"},"modified":"2025-10-24T11:13:00","modified_gmt":"2025-10-24T09:13:00","slug":"partenaires-2024","status":"publish","type":"page","link":"https:\/\/lelegendaire.fr\/index.php\/partenaires-2024\/","title":{"rendered":"Partenaires 2025"},"content":{"rendered":"<p>[vc_row][vc_column width=\u00a0\u00bb1\/4&Prime;][vc_single_image image=\u00a0\u00bb77&Prime; img_size=\u00a0\u00bbfull\u00a0\u00bb alignment=\u00a0\u00bbcenter\u00a0\u00bb][\/vc_column][vc_column width=\u00a0\u00bb3\/4&Prime;][vc_column_text]<\/p>\n<p class=\"p1\"><strong><em>Le L\u00e9gendaire<\/em> est organis\u00e9 par l&rsquo;association Cie Hamsa depuis 2000, gr\u00e2ce au soutien de ses partenaires.<\/strong><br \/>\n<strong>La Cie Hamsa est accueillie \u00e0 l&rsquo;ann\u00e9e en \u00ab\u00a0Cie en r\u00e9sidence\u00a0\u00bb par la Ville de Luisant, depuis 2022, donnant ainsi de pr\u00e9cieuses conditions de travail \u00e0 l&rsquo;ensemble de l&rsquo;\u00e9quipe.<\/strong><\/p>\n<p class=\"p1\">La Cie Hamsa rassemble une \u00e9quipe de passionn\u00e9s des \u00ab Arts de la Parole \u00bb et plus largement de la Transmission. Elle a pour vocation de renouveler l\u2019art du Conte et de le faire reconna\u00eetre comme une discipline artistique et litt\u00e9raire \u00e0 part enti\u00e8re qui transmet le patrimoine imaginaire de l\u2019humanit\u00e9. Elle \u0153uvre aussi bien \u00e0 travers des cr\u00e9ations et diffusion de spectacles qu\u2019\u00e0 travers des \u00e9v\u00e9nements et un travail<br \/>\nde sensibilisation.<\/p>\n<p class=\"p1\">Le festival <em>Le L\u00e9gendaire<\/em> porte une mission d\u2019action culturelle et artistique de proximit\u00e9, favorisant l\u2019acc\u00e8s au patrimoine litt\u00e9raire oral et \u00e9crit. Des r\u00e9cits du monde entier, traditionnels ou r\u00e9invent\u00e9s, sont interpr\u00e9t\u00e9s par des conteurs r\u00e9gionaux ou issus de toute la francophonie, parfois accompagn\u00e9s de musiciens. Des s\u00e9ances sc\u00e9nographi\u00e9es se jouent \u00e9galement dans des lieux patrimoniaux remarquables.<\/p>\n<p>La programmation sur une m\u00eame th\u00e9matique annuelle se fait en partenariat avec les collectivit\u00e9s territoriales, les biblioth\u00e8ques, des associations locales, en lien avec leurs objectifs p\u00e9dagogiques, soci\u00e9taux, culturels et artistiques, \u0153uvrant ainsi aupr\u00e8s d\u2019un large public. La librairie itin\u00e9rante propose une bibliographie sp\u00e9cifique \u00e0 chaque spectacle, en vente et en d\u00e9dicace par les conteurs-auteurs, en continuit\u00e9 du salon du livre des <em>Rencontres du L\u00e9gendaire<\/em>.[\/vc_column_text][vc_wp_text]<\/p>\n<p style=\"text-align: center;\"><strong>Vous souhaitez devenir Partenaire &gt;&gt;&gt; <a href=\"mailto:direction@cie-hamsa.com\">Adressez-vous ici<\/a><\/strong><\/p>\n<p>[\/vc_wp_text][\/vc_column][\/vc_row][vc_row][vc_column][vc_single_image image=\u00a0\u00bb4338&Prime; img_size=\u00a0\u00bbfull\u00a0\u00bb alignment=\u00a0\u00bbcenter\u00a0\u00bb][\/vc_column][\/vc_row][vc_row][vc_column][vc_wp_text title=\u00a0\u00bbFOCUS\u00a0\u00bb][\/vc_wp_text][vc_masonry_grid post_type=\u00a0\u00bbpost\u00a0\u00bb max_items=\u00a0\u00bb10&Prime; element_width=\u00a0\u00bb2&Prime; grid_id=\u00a0\u00bbvc_gid:1761297165291-01f458b9-986f-5&Prime; taxonomies=\u00a0\u00bb9&Prime;][\/vc_column][\/vc_row]<\/p>\n","protected":false},"excerpt":{"rendered":"<p>[vc_row][vc_column width=\u00a0\u00bb1\/4&Prime;][vc_single_image image=\u00a0\u00bb77&Prime; img_size=\u00a0\u00bbfull\u00a0\u00bb alignment=\u00a0\u00bbcenter\u00a0\u00bb][\/vc_column][vc_column width=\u00a0\u00bb3\/4&Prime;][vc_column_text] Le L\u00e9gendaire est organis\u00e9 par l&rsquo;association Cie Hamsa depuis 2000, gr\u00e2ce au soutien de ses partenaires. La Cie Hamsa est accueillie \u00e0 l&rsquo;ann\u00e9e en \u00ab\u00a0Cie en r\u00e9sidence\u00a0\u00bb par la Ville de Luisant, depuis 2022, donnant ainsi de pr\u00e9cieuses conditions de travail \u00e0 l&rsquo;ensemble de l&rsquo;\u00e9quipe. La Cie Hamsa rassemble une \u00e9quipe de passionn\u00e9s des \u00ab Arts de la Parole \u00bb et plus largement de la Transmission. Elle a pour vocation de renouveler l\u2019art du Conte et de le faire reconna\u00eetre comme une discipline artistique et litt\u00e9raire \u00e0 part enti\u00e8re qui transmet le patrimoine imaginaire de l\u2019humanit\u00e9. Elle \u0153uvre aussi bien \u00e0 travers des cr\u00e9ations et diffusion de spectacles qu\u2019\u00e0 travers des \u00e9v\u00e9nements et un travail de sensibilisation. Le festival Le L\u00e9gendaire porte une mission d\u2019action culturelle et artistique de proximit\u00e9, favorisant l\u2019acc\u00e8s au patrimoine litt\u00e9raire oral et \u00e9crit. Des r\u00e9cits du monde entier, traditionnels ou r\u00e9invent\u00e9s, sont interpr\u00e9t\u00e9s par des conteurs r\u00e9gionaux ou issus de toute la francophonie, parfois accompagn\u00e9s de musiciens. Des s\u00e9ances sc\u00e9nographi\u00e9es se jouent \u00e9galement dans des lieux patrimoniaux remarquables. La programmation sur une m\u00eame th\u00e9matique annuelle se fait en partenariat avec les collectivit\u00e9s territoriales, les biblioth\u00e8ques, des associations locales, en lien avec leurs objectifs p\u00e9dagogiques, soci\u00e9taux, culturels et artistiques, \u0153uvrant ainsi aupr\u00e8s d\u2019un large public. La librairie itin\u00e9rante propose une bibliographie sp\u00e9cifique \u00e0 chaque spectacle, en vente et en d\u00e9dicace par les conteurs-auteurs, en continuit\u00e9 du salon du livre des Rencontres du L\u00e9gendaire.[\/vc_column_text][vc_wp_text] Vous souhaitez devenir Partenaire &gt;&gt;&gt; Adressez-vous ici [\/vc_wp_text][\/vc_column][\/vc_row][vc_row][vc_column][vc_single_image image=\u00a0\u00bb4338&Prime; img_size=\u00a0\u00bbfull\u00a0\u00bb alignment=\u00a0\u00bbcenter\u00a0\u00bb][\/vc_column][\/vc_row][vc_row][vc_column][vc_wp_text title=\u00a0\u00bbFOCUS\u00a0\u00bb][\/vc_wp_text][vc_masonry_grid post_type=\u00a0\u00bbpost\u00a0\u00bb max_items=\u00a0\u00bb10&Prime; element_width=\u00a0\u00bb2&Prime; grid_id=\u00a0\u00bbvc_gid:1761297165291-01f458b9-986f-5&Prime; taxonomies=\u00a0\u00bb9&Prime;][\/vc_column][\/vc_row]<\/p>\n","protected":false},"author":2,"featured_media":0,"parent":0,"menu_order":0,"comment_status":"closed","ping_status":"closed","template":"","meta":[],"_links":{"self":[{"href":"https:\/\/lelegendaire.fr\/index.php\/wp-json\/wp\/v2\/pages\/4071"}],"collection":[{"href":"https:\/\/lelegendaire.fr\/index.php\/wp-json\/wp\/v2\/pages"}],"about":[{"href":"https:\/\/lelegendaire.fr\/index.php\/wp-json\/wp\/v2\/types\/page"}],"author":[{"embeddable":true,"href":"https:\/\/lelegendaire.fr\/index.php\/wp-json\/wp\/v2\/users\/2"}],"replies":[{"embeddable":true,"href":"https:\/\/lelegendaire.fr\/index.php\/wp-json\/wp\/v2\/comments?post=4071"}],"version-history":[{"count":10,"href":"https:\/\/lelegendaire.fr\/index.php\/wp-json\/wp\/v2\/pages\/4071\/revisions"}],"predecessor-version":[{"id":4476,"href":"https:\/\/lelegendaire.fr\/index.php\/wp-json\/wp\/v2\/pages\/4071\/revisions\/4476"}],"wp:attachment":[{"href":"https:\/\/lelegendaire.fr\/index.php\/wp-json\/wp\/v2\/media?parent=4071"}],"curies":[{"name":"wp","href":"https:\/\/api.w.org\/{rel}","templated":true}]}}