{"id":633,"date":"2019-09-12T19:40:14","date_gmt":"2019-09-12T17:40:14","guid":{"rendered":"http:\/\/lelegendaire.fr\/?page_id=633"},"modified":"2025-10-24T11:11:19","modified_gmt":"2025-10-24T09:11:19","slug":"programme","status":"publish","type":"page","link":"https:\/\/lelegendaire.fr\/index.php\/programme\/","title":{"rendered":"PROGRAMME"},"content":{"rendered":"<p>[vc_row][vc_column][vc_wp_text]<\/p>\n<h1 class=\"widgettitle\" style=\"text-align: center;\">\u00c9DITO 2025<\/h1>\n<h3><\/h3>\n<h3><\/h3>\n<h3 style=\"text-align: center;\">\u00ab Le plus important, c\u2019est d\u2019\u00eatre ensemble, \u00e0 l\u2019\u00e9coute\u00a0\u00bb<\/h3>\n<p style=\"text-align: center;\">Peter Brook<\/p>\n<p>[\/vc_wp_text][\/vc_column][\/vc_row][vc_row][vc_column width=\u00a0\u00bb1\/2&Prime;][vc_wp_text]<\/p>\n<p class=\"p1\">Malgr\u00e9 certaines baisses de subvention, le festival perdure mais doit r\u00e9duire sa voilure. Il est regrettable que la Culture soit la premi\u00e8re \u00e0 souffrir des restrictions budg\u00e9taires alors qu\u2019elle est vitale. Sans elle, une soci\u00e9t\u00e9 perd ses rep\u00e8res, son \u00e2me, sa capacit\u00e9 \u00e0 \u00e9voluer. Elle joue un r\u00f4le crucial en contribuant \u00e0 la coh\u00e9sion sociale et au dialogue interculturel.<span class=\"Apple-converted-space\">\u00a0 <\/span>Elle \u00e9veille la curiosit\u00e9, nourrit l\u2019imaginaire et stimule la cr\u00e9ativit\u00e9, favorise notre bien-\u00eatre et notre compr\u00e9hension du monde. L\u2019\u00e9coute ou la lecture des r\u00e9cits et de la po\u00e9sie stimule l\u2019imagination cr\u00e9atrice, inspire l\u2019innovation dans tous les domaines. Elle permet de s\u2019\u00e9manciper de la tyrannie des \u00e9crans, des images impos\u00e9es, du pr\u00eat \u00e0 penser. C\u2019est un enjeu de soci\u00e9t\u00e9 tout comme la langue qui, appauvrie, ne peut que susciter l\u2019incompr\u00e9hension et la violence.<\/p>\n<p>[\/vc_wp_text][\/vc_column][vc_column width=\u00a0\u00bb1\/2&Prime;][vc_wp_text]<\/p>\n<p class=\"p1\">Cette nouvelle \u00e9dition aura pour th\u00e8me la rencontre de l\u2019Autre, la fraternit\u00e9 entre les peuples dans le respect et \u00e0 la d\u00e9couverte de la diversit\u00e9. Un th\u00e8me plus que jamais d\u2019actualit\u00e9, inspir\u00e9 de cette parole de Peter Brook, le grand metteur en sc\u00e8ne disparu il y a trois ans et qui aurait eu cent ans cette ann\u00e9e. Une figure embl\u00e9matique du th\u00e9\u00e2tre contemporain qui r\u00e9unissait des artistes de plusieurs continents dans sa troupe internationale et qui aimait mettre en sc\u00e8ne de grands r\u00e9cits du patrimoine de l\u2019humanit\u00e9 comme Le Mahabharata, la monumentale \u00e9pop\u00e9e de l\u2019Inde.<\/p>\n<p class=\"p1\">Afin d\u2019\u00e9voquer ce th\u00e8me et le travail de cet \u00e9claireur du th\u00e9\u00e2tre contemporain qui int\u00e9grait l\u2019Art du Conte dans ses mises en sc\u00e8ne et qui avait \u00e0 c\u0153ur l\u2019\u00e9ducation populaire, nous avons invit\u00e9s quelques-uns de ses plus proches collaborateurs\u2009: Yoshi O\u00efda,<span class=\"Apple-converted-space\">\u00a0 <\/span>Alain Maratrat, \u2026 Nous aurons \u00e9galement le plaisir d\u2019entendre la majeure partie du Mahabharata racont\u00e9 par la fabuleuse Catherine Zarcate.<span class=\"Apple-converted-space\">\u00a0 <\/span>Et nous voyagerons aussi dans les imaginaires et musiques du Japon, de l\u2019Orient, des pays celtes, de Mongolie ou de Tahiti.<\/p>\n<p class=\"p4\"><span class=\"s1\"><b>Pascal Fauliot<\/b><\/span> \u2013 direction artistique<\/p>\n<p>[\/vc_wp_text][\/vc_column][\/vc_row][vc_row][vc_column][vc_btn title=\u00a0\u00bbPROGRAMME 2025 \/ pdf\u00a0\u00bb size=\u00a0\u00bblg\u00a0\u00bb align=\u00a0\u00bbcenter\u00a0\u00bb button_block=\u00a0\u00bbtrue\u00a0\u00bb link=\u00a0\u00bburl:https%3A%2F%2Flelegendaire.fr%2Fwp-content%2Fuploads%2F2018%2F08%2Flivret_le%25CC%2581gendaire.pdf|title:PROGRAMME%202024%20%2F%20pdf|target:%20_blank|\u00a0\u00bb][\/vc_column][\/vc_row][vc_row][vc_column][vc_wp_text title=\u00a0\u00bbS\u00c9ANCES TOUT PUBLIC\u00a0\u00bb][\/vc_wp_text][vc_masonry_grid post_type=\u00a0\u00bbpost\u00a0\u00bb max_items=\u00a0\u00bb20&Prime; style=\u00a0\u00bblazy\u00a0\u00bb element_width=\u00a0\u00bb3&Prime; order=\u00a0\u00bbASC\u00a0\u00bb initial_loading_animation=\u00a0\u00bbfadeIn\u00a0\u00bb grid_id=\u00a0\u00bbvc_gid:1761297055342-c713b66f-e10b-7&Prime; taxonomies=\u00a0\u00bb63&Prime;][\/vc_column][\/vc_row]<\/p>\n","protected":false},"excerpt":{"rendered":"<p>[vc_row][vc_column][vc_wp_text] \u00c9DITO 2025 \u00ab Le plus important, c\u2019est d\u2019\u00eatre ensemble, \u00e0 l\u2019\u00e9coute\u00a0\u00bb Peter Brook [\/vc_wp_text][\/vc_column][\/vc_row][vc_row][vc_column width=\u00a0\u00bb1\/2&Prime;][vc_wp_text] Malgr\u00e9 certaines baisses de subvention, le festival perdure mais doit r\u00e9duire sa voilure. Il est regrettable que la Culture soit la premi\u00e8re \u00e0 souffrir des restrictions budg\u00e9taires alors qu\u2019elle est vitale. Sans elle, une soci\u00e9t\u00e9 perd ses rep\u00e8res, son \u00e2me, sa capacit\u00e9 \u00e0 \u00e9voluer. Elle joue un r\u00f4le crucial en contribuant \u00e0 la coh\u00e9sion sociale et au dialogue interculturel.\u00a0 Elle \u00e9veille la curiosit\u00e9, nourrit l\u2019imaginaire et stimule la cr\u00e9ativit\u00e9, favorise notre bien-\u00eatre et notre compr\u00e9hension du monde. L\u2019\u00e9coute ou la lecture des r\u00e9cits et de la po\u00e9sie stimule l\u2019imagination cr\u00e9atrice, inspire l\u2019innovation dans tous les domaines. Elle permet de s\u2019\u00e9manciper de la tyrannie des \u00e9crans, des images impos\u00e9es, du pr\u00eat \u00e0 penser. C\u2019est un enjeu de soci\u00e9t\u00e9 tout comme la langue qui, appauvrie, ne peut que susciter l\u2019incompr\u00e9hension et la violence. [\/vc_wp_text][\/vc_column][vc_column width=\u00a0\u00bb1\/2&Prime;][vc_wp_text] Cette nouvelle \u00e9dition aura pour th\u00e8me la rencontre de l\u2019Autre, la fraternit\u00e9 entre les peuples dans le respect et \u00e0 la d\u00e9couverte de la diversit\u00e9. Un th\u00e8me plus que jamais d\u2019actualit\u00e9, inspir\u00e9 de cette parole de Peter Brook, le grand metteur en sc\u00e8ne disparu il y a trois ans et qui aurait eu cent ans cette ann\u00e9e. Une figure embl\u00e9matique du th\u00e9\u00e2tre contemporain qui r\u00e9unissait des artistes de plusieurs continents dans sa troupe internationale et qui aimait mettre en sc\u00e8ne de grands r\u00e9cits du patrimoine de l\u2019humanit\u00e9 comme Le Mahabharata, la monumentale \u00e9pop\u00e9e de l\u2019Inde. Afin d\u2019\u00e9voquer ce th\u00e8me et le travail de cet \u00e9claireur du th\u00e9\u00e2tre contemporain qui int\u00e9grait l\u2019Art du Conte dans ses mises en sc\u00e8ne et qui avait \u00e0 c\u0153ur l\u2019\u00e9ducation populaire, nous avons invit\u00e9s quelques-uns de ses plus proches collaborateurs\u2009: Yoshi O\u00efda,\u00a0 Alain Maratrat, \u2026 Nous aurons \u00e9galement le plaisir d\u2019entendre la majeure partie du Mahabharata racont\u00e9 par la fabuleuse Catherine Zarcate.\u00a0 Et nous voyagerons aussi dans les imaginaires et musiques du Japon, de l\u2019Orient, des pays celtes, de Mongolie ou de Tahiti. Pascal Fauliot \u2013 direction artistique [\/vc_wp_text][\/vc_column][\/vc_row][vc_row][vc_column][vc_btn title=\u00a0\u00bbPROGRAMME 2025 \/ pdf\u00a0\u00bb size=\u00a0\u00bblg\u00a0\u00bb align=\u00a0\u00bbcenter\u00a0\u00bb button_block=\u00a0\u00bbtrue\u00a0\u00bb link=\u00a0\u00bburl:https%3A%2F%2Flelegendaire.fr%2Fwp-content%2Fuploads%2F2018%2F08%2Flivret_le%25CC%2581gendaire.pdf|title:PROGRAMME%202024%20%2F%20pdf|target:%20_blank|\u00a0\u00bb][\/vc_column][\/vc_row][vc_row][vc_column][vc_wp_text title=\u00a0\u00bbS\u00c9ANCES TOUT PUBLIC\u00a0\u00bb][\/vc_wp_text][vc_masonry_grid post_type=\u00a0\u00bbpost\u00a0\u00bb max_items=\u00a0\u00bb20&Prime; style=\u00a0\u00bblazy\u00a0\u00bb element_width=\u00a0\u00bb3&Prime; order=\u00a0\u00bbASC\u00a0\u00bb initial_loading_animation=\u00a0\u00bbfadeIn\u00a0\u00bb grid_id=\u00a0\u00bbvc_gid:1761297055342-c713b66f-e10b-7&Prime; taxonomies=\u00a0\u00bb63&Prime;][\/vc_column][\/vc_row]<\/p>\n","protected":false},"author":1,"featured_media":0,"parent":0,"menu_order":0,"comment_status":"closed","ping_status":"closed","template":"","meta":[],"_links":{"self":[{"href":"https:\/\/lelegendaire.fr\/index.php\/wp-json\/wp\/v2\/pages\/633"}],"collection":[{"href":"https:\/\/lelegendaire.fr\/index.php\/wp-json\/wp\/v2\/pages"}],"about":[{"href":"https:\/\/lelegendaire.fr\/index.php\/wp-json\/wp\/v2\/types\/page"}],"author":[{"embeddable":true,"href":"https:\/\/lelegendaire.fr\/index.php\/wp-json\/wp\/v2\/users\/1"}],"replies":[{"embeddable":true,"href":"https:\/\/lelegendaire.fr\/index.php\/wp-json\/wp\/v2\/comments?post=633"}],"version-history":[{"count":106,"href":"https:\/\/lelegendaire.fr\/index.php\/wp-json\/wp\/v2\/pages\/633\/revisions"}],"predecessor-version":[{"id":4475,"href":"https:\/\/lelegendaire.fr\/index.php\/wp-json\/wp\/v2\/pages\/633\/revisions\/4475"}],"wp:attachment":[{"href":"https:\/\/lelegendaire.fr\/index.php\/wp-json\/wp\/v2\/media?parent=633"}],"curies":[{"name":"wp","href":"https:\/\/api.w.org\/{rel}","templated":true}]}}